{"id":2803,"date":"2020-11-18T23:49:50","date_gmt":"2020-11-19T02:49:50","guid":{"rendered":"http:\/\/miraserra.org.br\/?page_id=2803"},"modified":"2020-11-18T23:56:57","modified_gmt":"2020-11-19T02:56:57","slug":"fundacao-de-rede","status":"publish","type":"page","link":"https:\/\/miraserra.org.br\/index.php\/fundacao-de-rede\/","title":{"rendered":"Funda\u00e7\u00e3o de Rede"},"content":{"rendered":"\n<p>MIRA-SERRA em mais uma data hist\u00f3rica: assembleia de funda\u00e7\u00e3o da Rede Brasileira de Trilhas de Longo Curso! <\/p>\n\n\n\n<p>A ONG pretende desenhar e alavancar a parte sul da &#8220;<em>Trilha dos Tropeiros &#8220;<\/em> (Viam\u00e3o\/RS a Sorocaba\/SP, passando pela RPPN Mira-Serra em S\u00e3o Francisco de Paula\/RS )&#8230;Uma boa conectividade com Unidades de Conserva\u00e7\u00e3o e a Trilha das Arauc\u00e1rias. <img loading=\"lazy\" decoding=\"async\" height=\"16\" width=\"16\" alt=\"\ud83e\udd1c\" src=\"https:\/\/static.xx.fbcdn.net\/images\/emoji.php\/v9\/te3\/1\/16\/1f91c.png\"><img loading=\"lazy\" decoding=\"async\" height=\"16\" width=\"16\" alt=\"\ud83e\udd1b\" src=\"https:\/\/static.xx.fbcdn.net\/images\/emoji.php\/v9\/t62\/1\/16\/1f91b.png\"><\/p>\n\n\n\n<figure class=\"wp-block-image size-large\"><img loading=\"lazy\" decoding=\"async\" width=\"1024\" height=\"463\" src=\"http:\/\/miraserra.org.br\/wp-content\/uploads\/2020\/11\/Captura-de-Tela-138-1024x463.png\" alt=\"\" class=\"wp-image-2969\" srcset=\"https:\/\/miraserra.org.br\/wp-content\/uploads\/2020\/11\/Captura-de-Tela-138-1024x463.png 1024w, https:\/\/miraserra.org.br\/wp-content\/uploads\/2020\/11\/Captura-de-Tela-138-300x136.png 300w, https:\/\/miraserra.org.br\/wp-content\/uploads\/2020\/11\/Captura-de-Tela-138-768x347.png 768w, https:\/\/miraserra.org.br\/wp-content\/uploads\/2020\/11\/Captura-de-Tela-138.png 1315w\" sizes=\"auto, (max-width: 1024px) 100vw, 1024px\" \/><figcaption><a href=\"http:\/\/www.redetrilhas.org.br\/w3\/\">http:\/\/www.redetrilhas.org.br\/w3\/<\/a><\/figcaption><\/figure>\n\n\n\n<p><\/p>\n","protected":false},"excerpt":{"rendered":"<p>MIRA-SERRA em mais uma data hist\u00f3rica: assembleia de funda\u00e7\u00e3o da Rede Brasileira de Trilhas de Longo Curso! A ONG pretende<\/p>\n","protected":false},"author":1,"featured_media":2969,"parent":0,"menu_order":0,"comment_status":"closed","ping_status":"closed","template":"","meta":{"colormag_page_container_layout":"default_layout","colormag_page_sidebar_layout":"default_layout","_themeisle_gutenberg_block_has_review":false,"footnotes":""},"class_list":["post-2803","page","type-page","status-publish","has-post-thumbnail","hentry"],"_links":{"self":[{"href":"https:\/\/miraserra.org.br\/index.php\/wp-json\/wp\/v2\/pages\/2803","targetHints":{"allow":["GET"]}}],"collection":[{"href":"https:\/\/miraserra.org.br\/index.php\/wp-json\/wp\/v2\/pages"}],"about":[{"href":"https:\/\/miraserra.org.br\/index.php\/wp-json\/wp\/v2\/types\/page"}],"author":[{"embeddable":true,"href":"https:\/\/miraserra.org.br\/index.php\/wp-json\/wp\/v2\/users\/1"}],"replies":[{"embeddable":true,"href":"https:\/\/miraserra.org.br\/index.php\/wp-json\/wp\/v2\/comments?post=2803"}],"version-history":[{"count":3,"href":"https:\/\/miraserra.org.br\/index.php\/wp-json\/wp\/v2\/pages\/2803\/revisions"}],"predecessor-version":[{"id":2972,"href":"https:\/\/miraserra.org.br\/index.php\/wp-json\/wp\/v2\/pages\/2803\/revisions\/2972"}],"wp:featuredmedia":[{"embeddable":true,"href":"https:\/\/miraserra.org.br\/index.php\/wp-json\/wp\/v2\/media\/2969"}],"wp:attachment":[{"href":"https:\/\/miraserra.org.br\/index.php\/wp-json\/wp\/v2\/media?parent=2803"}],"curies":[{"name":"wp","href":"https:\/\/api.w.org\/{rel}","templated":true}]}}