{"id":789,"date":"2019-07-13T21:31:22","date_gmt":"2019-07-14T00:31:22","guid":{"rendered":"http:\/\/miraserra.org.br\/?page_id=789"},"modified":"2023-01-03T21:32:47","modified_gmt":"2023-01-04T00:32:47","slug":"a-mira-serra","status":"publish","type":"page","link":"https:\/\/miraserra.org.br\/index.php\/a-mira-serra\/","title":{"rendered":"A Mira-Serra"},"content":{"rendered":"\n<p class=\"has-drop-cap has-white-background-color has-background has-medium-font-size\">O<strong> Instituto MIRA-SERRA \u00e9 uma organiza\u00e7\u00e3o n\u00e3o governamental (ONG), de car\u00e1ter cient\u00edfico e cultural, que visa \u00e0 preserva\u00e7\u00e3o e \u00e0 conserva\u00e7\u00e3o da biodiversidade e ecossistemas, com \u00eanfase no Rio Grande do Sul (Brasil). <br><\/strong><\/p>\n\n\n\n<p class=\"has-text-align-center has-black-color has-white-background-color has-text-color has-background has-medium-font-size\"><strong>Em parceria com a <a href=\"http:\/\/miraserra.org.br\/index.php\/2015\/03\/22\/plano-de-manejo-da-rppn-mira-serra-e-aprovado-pelo-icmbio\/\">RPPN Mira-Serra<\/a>, a ONG coordena o Posto Avan\u00e7ado MIRA-SERRA da Reserva da Biosfera da Mata Al\u00e2ntica (UNESCO- MaB). Recentemente, o <a href=\"https:\/\/pt-br.facebook.com\/reservaterradosempre\">Ecopark Terra do Sempre<\/a> se integrou \u00e0 equipe, resultando em N\u00facleo de Educa\u00e7\u00e3o Ambiental do Posto Avan\u00e7ado MIRA-SERRA. Estes locais est\u00e3o localizados em <\/strong><br><strong>S\u00e3o Francisco de Paula, RS-Brasil.<\/strong><\/p>\n\n\n\n<p class=\"has-text-align-center has-white-color has-pale-cyan-blue-background-color has-text-color has-background has-medium-font-size\"><strong>A MIRA-SERRA atua somente por meio de voluntariado e de editais p\u00fablicos, para consultorias e projetos (estudos de fauna, flora, recursos h\u00eddricos e Planos Municipais de Conserva\u00e7\u00e3o e Recupera\u00e7\u00e3o da MataAtl\u00e2ntica).<\/strong><\/p>\n\n\n\n<p class=\"has-text-align-center has-white-color has-pale-cyan-blue-background-color has-text-color has-background has-medium-font-size\"><strong>Est\u00e1 voltada para pol\u00edticas p\u00fablicas atrav\u00e9s da participa\u00e7\u00e3o de coletivos ambientalistas (estaduais e nacionais), assim como, em colegiados ambientais nas diversas inst\u00e2ncias<\/strong><br><strong> (conselhos estaduais, regionais, nacionais e de UCs). <br>Realiza atendimento\/encaminhamento emergencial de animais silvestres aos \u00f3rg\u00e3os ambientais competentes. <br>Possui interface com projetos em cultura ind\u00edgena bem como em a\u00e7\u00f5es de sensibiliza\u00e7\u00e3o ambiental. Promove a\u00e7\u00f5es civis p\u00fablicas e representa\u00e7\u00f5es em defesa do ambiente natural junto aos <\/strong><br><strong>Minist\u00e9rios P\u00fablicos Estadual e Federal.<\/strong><\/p>\n\n\n\n<p class=\"has-light-green-cyan-background-color has-background has-medium-font-size\"><strong>MIRA-SERRA signfica:<\/strong><br> 1) Como sigla:<br> Monitoramento Integrado Recursos Ambientais \u2013 Sustentabilidade<br> Extensiva aos Recursos Renov\u00e1veis e \u00c1gua.<br><br> 2) Como a\u00e7\u00e3o:<br> Mira do verbo \u201cmirar\u201d, \u201colhar\u201d para a Serra, \u201cplanalto\u201d origem dos<br> mananciais h\u00eddricos;<br><br> 3) Como etimologia ind\u00edgena Kaingang (t\u00edpica da regi\u00e3o de altitude<br> e de vales): \u201cMI\u201d = estreito, bem pequeno; \u201cR\u00c3\u201d = Sol<br> Ou seja, numa vers\u00e3o livre: local de pouca luz, como a floresta em vales e encostas \u2013 que est\u00e1 representada na SERRA.<\/p>\n\n\n\n<p class=\"has-text-align-center has-light-green-cyan-background-color has-background has-large-font-size\"><a href=\"http:\/\/www.biodiversidade.rs.gov.br\/portal\/index.php?acao=especies_ameacadas&amp;id=202&amp;tipo=2-1\">SAIBA MAIS SOBRE O ANIMAL S\u00cdMBOLO DA MIRA-SERRA<\/a><\/p>\n\n\n\n<p class=\"has-text-align-center has-pale-cyan-blue-background-color has-background has-medium-font-size\"><strong>COORDENA\u00c7\u00c3O (2022-2026)<\/strong><br> bi\u00f3l. Lisiane Becker: coordenadora-presidente<br>adv. Cl\u00e1udia Guichard: coordenadora-executiva<br>art, Iara R. Ximenes: coordenadora-executiva<br><br><strong> CONSELHO FISCAL<\/strong><br> bi\u00f3l. Eduardo Luz<br> adm. Marconi Flach<br> bi\u00f3l. Vera L\u00facia Pitoni<\/p>\n\n\n\n<p class=\"has-vivid-green-cyan-color has-text-color has-large-font-size\"><strong>PARTICIPA\u00c7\u00c3O EM COLEGIADOS E CONSELHOS<\/strong><\/p>\n\n\n\n<p class=\"has-light-green-cyan-background-color has-background\"><em><strong> <\/strong>CT Biodiversidade \/ CONAMA  (2019)<br><s> Lisiane Becker (titular e vice-presidente reeleita para esta CT); Vera Pitoni (1\u00aa suplente)<\/s><\/em><\/p>\n\n\n\n<p class=\"has-light-green-cyan-background-color has-background\"><em><strong>Conselho Deliberativo do Fundo Nacional do Meio Ambiente (CD  FNMA)<\/strong> <\/em> (2019<br><em> <\/em><s><em>Lisiane Becker (regi\u00e3o sul)<\/em> <\/s>2019<\/p>\n\n\n\n<p class=\"has-light-green-cyan-background-color has-background\"><strong>CONSEMA \/ plen\u00e1ria (atual)<br>Iara Ximenes (tit), Lisiane Becker (sup), Francesca Werner<\/strong><\/p>\n\n\n\n<p class=\"has-light-green-cyan-background-color has-background\"><strong>CTP Planejamento Ambiental \/ CONSEMA <\/strong>(atual)<br><strong>Lisiane Becker <\/strong><\/p>\n\n\n\n<p class=\"has-light-green-cyan-background-color has-background\"><strong>CTP Assuntos Jur\u00eddicos \/ CONSEMA <\/strong> (atual)<br><strong> Cl\u00e1udia Guichard<\/strong><\/p>\n\n\n\n<p class=\"has-light-green-cyan-background-color has-background\"><strong>CTP Biodiversidade \/ CONSEMA-RS<\/strong> (atual)<br><strong>Lisiane Becker<\/strong><\/p>\n\n\n\n<p class=\"has-light-green-cyan-background-color has-background\"><em><strong> <\/strong>CONAMA \/ plen\u00e1ria: (2019)<br><s> Lisiane Becker <\/s><\/em><\/p>\n\n\n\n<p class=\"has-light-green-cyan-background-color has-background\"><strong>Comit\u00ea Estadual da Reserva da Biosfera da Mata Atl\u00e2ntica\/CERBMA-RS <\/strong>(atual)<br><strong>Lisiane Becker (<\/strong>Tit), <strong>Vera L\u00facia Pitoni<\/strong> (sup) <\/p>\n\n\n\n<p class=\"has-light-green-cyan-background-color has-background\"><strong>C\u00e2mara T\u00e9cnica de Biodiversidade do CERBMA-R<\/strong>S (atual)<br>Coordena\u00e7\u00e3o: <strong>Lisiane Becker<\/strong><\/p>\n\n\n\n<p class=\"has-light-green-cyan-background-color has-background\"><strong>Conselho Nacional da Reserva da Biosfera da Mata Atl\u00e2ntica\/CN  RBMA<\/strong> (atual)<strong><br>Lisiane Becker (pela regi\u00e3o sul)<\/strong><\/p>\n\n\n\n<p class=\"has-light-green-cyan-background-color has-background\"><strong>Conselho dos Parques Nacionais Aparados da Serra e Serra Geral<\/strong> (atual)<br><strong>Lisiane Becke<\/strong>r (Tit), <strong>Suzane B. Marcuzzo<\/strong> (Sup)<\/p>\n\n\n\n<p class=\"has-light-green-cyan-background-color has-background\"><strong>Comit\u00ea de Gerenciamento da Bacia Hidrogr\u00e1fica do Lago  Guaiba<br><s>Gelcira Teles<\/s><\/strong><\/p>\n\n\n\n<p class=\"has-light-green-cyan-background-color has-background\"><strong>Junta Superior de Julgamento de Multas Ambientais  do RS (atual)<br>Cl\u00e1udia Guichard<\/strong> (representando a APEDeMa-RS)<\/p>\n\n\n\n<p class=\"has-light-green-cyan-background-color has-background\"><strong>Comit\u00ea de Gerenciamento da Bacia Hidrogr\u00e1fica do Rio Ca\u00ed <\/strong>(atual)_<br><strong>Lisiane Becker <\/strong><br> <strong>Iara R. Ximenes<\/strong> (representando UPAN )<\/p>\n\n\n\n<p class=\"has-light-green-cyan-background-color has-background\"><strong>Conselhos Gestores da Esta\u00e7\u00e3o Ecol\u00f3gica Estadual de Aratinga e da  APA Rota do Sol<\/strong><br><strong>Lisiane Becker (Titular pelo CERBMA-RS)<\/strong><\/p>\n\n\n\n<p class=\"has-light-green-cyan-background-color has-background\"><strong>Forum Estadual de Seguran\u00e7a Alimentar e Nutricional<\/strong><em><br><s>Aline Bettio<\/s><\/em><\/p>\n\n\n\n<p class=\"has-light-green-cyan-background-color has-background\"><strong>Comit\u00ea Gestor do Plano Estadual de Agroecologia e Produ\u00e7\u00e3o  Org\u00e2nica <\/strong><em><br><s>Aline Bettio<\/s><\/em><\/p>\n\n\n\n<p class=\"has-light-green-cyan-background-color has-background\"><strong>Rede de ONGs da Mata Atl\u00e2ntica (RMA)- conselho de coordena\u00e7\u00e3o<\/strong> (atual)<br><strong>Lisiane Becker<\/strong><\/p>\n\n\n\n<p class=\"has-light-green-cyan-background-color has-background\"><strong>APEDeMA-RS<\/strong> <br><strong>Lisiane Becker <\/strong><br>(MIRA-SERRA integra a coordena\u00e7\u00e3o tripartite pela 4\u00aa vez)<\/p>\n\n\n\n<p class=\"has-light-green-cyan-background-color has-background\"><strong>Confedera\u00e7\u00e3o Nacional de RPPN (CN RPPN)  <\/strong><br><strong>Rog\u00e9rio Mongelos<\/strong><\/p>\n\n\n\n<p class=\"has-text-align-center has-cyan-bluish-gray-background-color has-background\">A PARTICIPA\u00c7\u00c3O NOS COLEGIADOS E COLETIVOS em anos anteriores <em>(em reativa\u00e7\u00e3o do link)<\/em><br> CONSEMA-RS: 2010; 2011; 2012; 2013; 2014<br> CERBMA-RS: 2011; 2012; 2013; 2014<br>CONAMA: 2010; 2011;2012\/2013; 2014<br> CN RBMA<br> CD FNMA<br> APEDEMA-RS<br> RMA<\/p>\n\n\n\n<p class=\"has-pale-cyan-blue-background-color has-background\"><strong>ONDE NOS ENCONTRAR:<\/strong><br><br> <strong>SECRETARIA-EXECUTIVA<\/strong><br> Contato: (51) 992674201<br> miraserra@miraserra.org.br        @ONGMiraSerra<br><br> OBS.: a secretaria-executiva da MIRA-SERRA est\u00e1 operando<br> provisoriamente na Av. Lageado 1360 \/20, Petr\u00f3polis \u2013 Porto Alegre\/RS. CEP. 90460-110<\/p>\n\n\n\n<p class=\"has-cyan-bluish-gray-background-color has-background\"> ESPA\u00c7O MIRA-SERRA DE ESTUDOS AMBIENTAIS<br>Com a desativa\u00e7\u00e3o da secretaria em S\u00e3o Francisco de Paula, a  MIRA-SERRA doou para a Prefeitura Municipal de Ivoti todo o seu  material (videoteca, museu e biblioteca) para que estejam  dispon\u00edveis a um maior p\u00fablico,. Recentemente, a MIRA-SERRA e parceiros,criaram o N\u00facleo de Educa\u00e7\u00e3o Ambienal do Posto Avan\u00e7ado MIRA-SERRA da Reserva da Biosfera da Mata Atl\u00e2ntica.<\/p>\n\n\n\n<p class=\"has-pale-cyan-blue-background-color has-background\"><strong>ABRIGO-SEDE DA RPPN MIRA-SERRA<\/strong><br> Alto Padilha, s\/n\u00ba. S\u00e3o Francisco de Paula, RS-BR.<br> Destinado a armazenagem de material para pesquisa bem como  local de pernoite durante as atividades de campo.<br> Contatos: (51) 996616564; (51) 992674201<br> miraserra@miraserra.org.br<\/p>\n\n\n\n<p class=\"has-pale-cyan-blue-background-color has-background\"><strong>ESPA\u00c7O ABERTO MIRA-SERRA<\/strong><br> Na \u00e1rea urbana de S\u00e3o Francisco de Paula, RS-BR.<br> Destinado a projetos-piloto em bio-arquitetura e em a\u00e7\u00f5es de  pesquisa de campo.<br> Contato: Arq. Rog\u00e9rio. Fone: (51) 996616564<br> miraserra@miraserra.org.br<\/p>\n\n\n\n<p class=\"has-text-align-center has-background\" style=\"background-color:#b15c01\"><strong>NOSSAS CREDENCIAIS:<\/strong><br><strong> Cadastro T\u00e9cnico Federal \u2013 MMA \/ IBAMA (a revalidar)<br> Cadastro Nacional de Entidades Ambientalistas \u2013 MMA\/ CONAMA<br> Minist\u00e9rio da Cultura \/ Funda\u00e7\u00e3o Biblioteca Nacional<\/strong><br><strong>\u00c1rea de Soltura de Animais Silvestres \u2013 MMA \/ Ibama \/ RS<br> Alvar\u00e1 de Licen\u00e7a para Localiza\u00e7\u00e3o \u2013 S\u00e3o Francisco de Paula \/ RS<br><\/strong><em> Cadastro de Entidades \u2013 Secretaria Estadual da Justi\u00e7a e do  Desenvolvimento Social \/ RS<\/em><strong><br> Posto Avan\u00e7ado da Reserva da Biosfera da Mata Atl\u00e2ntica \/ MaB-UNESCO<\/strong><\/p>\n\n\n\n<p class=\"has-drop-cap has-text-align-left has-pale-cyan-blue-background-color has-background\"><strong>COMO  PARTICIPAR:<\/strong><br> A MIRA-SERRA precisa da tua participa\u00e7\u00e3o, que pode ser por  associa\u00e7\u00e3o, voluntariado ou por doa\u00e7\u00f5es.<br><br>                           <a href=\"http:\/\/miraserra.org.br\/wp-content\/uploads\/2019\/10\/ESTATUTO-MIRASERRA-1.pd\">Conhe\u00e7a o Estatuto Social da MIRA-SERRA<\/a><\/p>\n\n\n\n<p class=\"has-text-align-center has-light-green-cyan-background-color has-background\"><strong>ASSOCIE-SE! <\/strong><br><strong>pe\u00e7a sua ficha de cadastro para miraserra@miraserra.org.br<\/strong><br><br><strong> Voluntariado \u00e9 sempre bem-vindo! entre em contato:<br> 51-992674201<\/strong><\/p>\n\n\n\n<p class=\"has-text-align-center has-pale-cyan-blue-background-color has-background\"><strong>As Doa\u00e7\u00f5es s\u00e3o aceitas via dep\u00f3sito banc\u00e1rio, para cr\u00e9dito de Projeto MIRA-SERRA no banco Banrisul:<br> ag\u00eancia 0075<br> conta n\u00ba 41.851405.0-6<\/strong><\/p>\n\n\n\n<figure class=\"wp-block-image size-large\"><img loading=\"lazy\" decoding=\"async\" width=\"867\" height=\"591\" src=\"http:\/\/miraserra.org.br\/wp-content\/uploads\/2020\/11\/Captura-de-Tela-137.png\" alt=\"\" class=\"wp-image-2977\" srcset=\"https:\/\/miraserra.org.br\/wp-content\/uploads\/2020\/11\/Captura-de-Tela-137.png 867w, https:\/\/miraserra.org.br\/wp-content\/uploads\/2020\/11\/Captura-de-Tela-137-300x204.png 300w, https:\/\/miraserra.org.br\/wp-content\/uploads\/2020\/11\/Captura-de-Tela-137-768x524.png 768w, https:\/\/miraserra.org.br\/wp-content\/uploads\/2020\/11\/Captura-de-Tela-137-130x90.png 130w\" sizes=\"auto, (max-width: 867px) 100vw, 867px\" \/><figcaption class=\"wp-element-caption\"><strong>Saldo em dezembro\/2019: <br>a\u00e7\u00f5es da entidade e despesas de manuten\u00e7\u00e3o s\u00e3o bancadas por associados e por doa\u00e7\u00f5es.<\/strong><\/figcaption><\/figure>\n\n\n\n<p><\/p>\n","protected":false},"excerpt":{"rendered":"<p>O Instituto MIRA-SERRA \u00e9 uma organiza\u00e7\u00e3o n\u00e3o governamental (ONG), de car\u00e1ter cient\u00edfico e cultural, que visa \u00e0 preserva\u00e7\u00e3o e \u00e0<\/p>\n","protected":false},"author":1,"featured_media":791,"parent":0,"menu_order":0,"comment_status":"closed","ping_status":"closed","template":"","meta":{"colormag_page_container_layout":"default_layout","colormag_page_sidebar_layout":"default_layout","_themeisle_gutenberg_block_has_review":false,"footnotes":""},"class_list":["post-789","page","type-page","status-publish","has-post-thumbnail","hentry"],"_links":{"self":[{"href":"https:\/\/miraserra.org.br\/index.php\/wp-json\/wp\/v2\/pages\/789","targetHints":{"allow":["GET"]}}],"collection":[{"href":"https:\/\/miraserra.org.br\/index.php\/wp-json\/wp\/v2\/pages"}],"about":[{"href":"https:\/\/miraserra.org.br\/index.php\/wp-json\/wp\/v2\/types\/page"}],"author":[{"embeddable":true,"href":"https:\/\/miraserra.org.br\/index.php\/wp-json\/wp\/v2\/users\/1"}],"replies":[{"embeddable":true,"href":"https:\/\/miraserra.org.br\/index.php\/wp-json\/wp\/v2\/comments?post=789"}],"version-history":[{"count":14,"href":"https:\/\/miraserra.org.br\/index.php\/wp-json\/wp\/v2\/pages\/789\/revisions"}],"predecessor-version":[{"id":4088,"href":"https:\/\/miraserra.org.br\/index.php\/wp-json\/wp\/v2\/pages\/789\/revisions\/4088"}],"wp:featuredmedia":[{"embeddable":true,"href":"https:\/\/miraserra.org.br\/index.php\/wp-json\/wp\/v2\/media\/791"}],"wp:attachment":[{"href":"https:\/\/miraserra.org.br\/index.php\/wp-json\/wp\/v2\/media?parent=789"}],"curies":[{"name":"wp","href":"https:\/\/api.w.org\/{rel}","templated":true}]}}