{"id":801,"date":"2019-07-14T13:22:34","date_gmt":"2019-07-14T16:22:34","guid":{"rendered":"http:\/\/miraserra.org.br\/?page_id=801"},"modified":"2019-07-14T16:03:50","modified_gmt":"2019-07-14T19:03:50","slug":"colegiados","status":"publish","type":"page","link":"https:\/\/miraserra.org.br\/index.php\/colegiados\/","title":{"rendered":"Colegiados"},"content":{"rendered":"\n<p>Participa\u00e7\u00e3o em Colegiados:<br> NACIONAL  Conselho Nacional do Meio Ambiente \/<a href=\"http:\/\/www2.mma.gov.br\/port\/conama\/index.cfm\" target=\"_blank\" rel=\"noreferrer noopener\" aria-label=\"CONAMA (abre numa nova aba)\">CONAMA<\/a> (titular 2009- 2010) <\/p>\n\n\n\n<p>Conselho Nacional de Recursos H\u00eddricos \/ <a rel=\"noreferrer noopener\" aria-label=\"CNRH (abre numa nova aba)\" href=\"http:\/\/www.cnrh.gov.br\/\" target=\"_blank\">CNRH<\/a> (CT \u00c1guas  subterr\u00e2eas \/ 2007-2008)<br> Conselho Fiscal da Rede de ONGs da Mata Atl\u00e2ntica \u2013 nacional  (at\u00e9 2007)<br> Conselho de Coordena\u00e7\u00e3o da Rede de ONGs da Mata<br> Atl\u00e2ntica\/<a rel=\"noreferrer noopener\" aria-label=\"RMA (abre numa nova aba)\" href=\"http:\/\/rma.org.br\/v3\/action\/template\/display.php?style=index\" target=\"_blank\">RMA<\/a><br> Conselho Nacional da Reserva da Biosfera da Mata Atl\u00e2ntica\/<a href=\"http:\/\/www.rbma.org.br\/index.asp\" target=\"_blank\" rel=\"noreferrer noopener\" aria-label=\"CNRBMA (abre numa nova aba)\">CNRBMA<\/a><br> Comiss\u00e3o Executiva dos Projetos Demonstrativos tipo A (PDA) \/  MMA \u2013 PPG 7<br> Conselho Consultivo de RPPNs no Instituto Chico Mendes de  Conserva\u00e7\u00e3o da Biodiversidade <\/p>\n\n\n\n<p>ESTADUAL<br> Conselho Estadual do Meio Ambiente \/<a rel=\"noreferrer noopener\" aria-label=\"CONSEMA-RS (abre numa nova aba)\" href=\"https:\/\/www.sema.rs.gov.br\/conselho-estadual-do-meio-ambiente-consema\" target=\"_blank\">CONSEMA-RS<\/a><br> C\u00e2mara T\u00e9cnica Permanente Gest\u00e3o Compartilhada Munic\u00edpio-  Estado \/CONSEMA<br> C\u00e2mara T\u00e9cnica Permanente Biodiversidade e Pol\u00edtica Florestal  (CONSEMA-RS)<br> C\u00e2mara T\u00e9cnica Permanente Gest\u00e3o das \u00c1guas (CONSEMA-RS)<br> Comit\u00ea Estadual da Reserva da Biosfera da Mata Atl\u00e2ntica \/ CERBMA-RS<br> F\u00f3rum Estadual de Produ\u00e7\u00e3o mais Limpa<br> N\u00facleo de Estudos da Cultura Ind\u00edgena \/ PUC -RS<br> GT \u201cElabora\u00e7\u00e3o de Legisla\u00e7\u00e3o Estadual para Cria\u00e7\u00e3o de Reservas  Particulares do Patrim\u00f4nio Natural (2006)<br> Associa\u00e7\u00e3o Charrua de RPPNs-RS<br> Coordena\u00e7\u00e3o tripartite da Rede de ONGs da Mata Atl\u00e2ntica-RS  \/<a href=\"http:\/\/rma.org.br\/institucional\/\" target=\"_blank\" rel=\"noreferrer noopener\" aria-label=\"RMA-RS (abre numa nova aba)\">RMA-RS<\/a><\/p>\n\n\n\n<p>REGIONAL<br> Comit\u00ea Estadual da Reserva da Biosfera da Mata Atl\u00e2ntica  <\/p>\n\n\n\n<p><a href=\"https:\/\/www.sema.rs.gov.br\/g030-bacia-hidrografica-do-rio-cai\" target=\"_blank\" rel=\"noreferrer noopener\" aria-label=\"Comit\u00ea de Gerenciamento da Bacia Hidrogr\u00e1fica do Rio Ca\u00ed (abre numa nova aba)\">Comit\u00ea de Gerenciamento da Bacia Hidrogr\u00e1fica do Rio Ca\u00ed<\/a><\/p>\n\n\n\n<p><a href=\"https:\/\/www.sema.rs.gov.br\/comite-de-gerenciamento-da-bacia-hidrografica-do-lago-guaiba-g-080\" target=\"_blank\" rel=\"noreferrer noopener\" aria-label=\"Comit\u00ea de Gerenciamento da Bacia Hidrogr\u00e1fica Lago Guaiba (abre numa nova aba)\">Comit\u00ea de Gerenciamento da Bacia Hidrogr\u00e1fica Lago Guaiba<\/a><\/p>\n\n\n\n<p><a href=\"http:\/\/www.comitesinos.com.br\/\" target=\"_blank\" rel=\"noreferrer noopener\" aria-label=\"Comit\u00ea de Gerenciamento da Bacia Hidrogr\u00e1fica do Rio dos Sinos (abre numa nova aba)\">Comit\u00ea de Gerenciamento da Bacia Hidrogr\u00e1fica do Rio dos Sinos<\/a> <\/p>\n\n\n\n<p>CONSELHOS CONSULTIVOS DE UNIDADES DE CONSERVA\u00c7\u00c3O<br> GT \u201cParque Estadual Tainhas\u201d<br><a href=\"http:\/\/www2.portoalegre.rs.gov.br\/smam\/default.php?p_secao=158\"> Parque Municipal Morro do Osso \u2013 Porto Alegre<\/a><br> Floresta Nacional \/ IBAMA \u2013 S\u00e3o Francisco de Paula<br> Reserva Biol\u00f3gica Serra Geral (representando o CERBMA-RS)<br> Parque Estadual Itapeva (representando o CERBMA-RS)<\/p>\n","protected":false},"excerpt":{"rendered":"<p>Participa\u00e7\u00e3o em Colegiados: NACIONAL Conselho Nacional do Meio Ambiente \/CONAMA (titular 2009- 2010) Conselho Nacional de Recursos H\u00eddricos \/ CNRH<\/p>\n","protected":false},"author":1,"featured_media":0,"parent":0,"menu_order":0,"comment_status":"closed","ping_status":"closed","template":"","meta":{"colormag_page_container_layout":"default_layout","colormag_page_sidebar_layout":"default_layout","_themeisle_gutenberg_block_has_review":false,"footnotes":""},"class_list":["post-801","page","type-page","status-publish","hentry"],"_links":{"self":[{"href":"https:\/\/miraserra.org.br\/index.php\/wp-json\/wp\/v2\/pages\/801","targetHints":{"allow":["GET"]}}],"collection":[{"href":"https:\/\/miraserra.org.br\/index.php\/wp-json\/wp\/v2\/pages"}],"about":[{"href":"https:\/\/miraserra.org.br\/index.php\/wp-json\/wp\/v2\/types\/page"}],"author":[{"embeddable":true,"href":"https:\/\/miraserra.org.br\/index.php\/wp-json\/wp\/v2\/users\/1"}],"replies":[{"embeddable":true,"href":"https:\/\/miraserra.org.br\/index.php\/wp-json\/wp\/v2\/comments?post=801"}],"version-history":[{"count":12,"href":"https:\/\/miraserra.org.br\/index.php\/wp-json\/wp\/v2\/pages\/801\/revisions"}],"predecessor-version":[{"id":815,"href":"https:\/\/miraserra.org.br\/index.php\/wp-json\/wp\/v2\/pages\/801\/revisions\/815"}],"wp:attachment":[{"href":"https:\/\/miraserra.org.br\/index.php\/wp-json\/wp\/v2\/media?parent=801"}],"curies":[{"name":"wp","href":"https:\/\/api.w.org\/{rel}","templated":true}]}}