{"id":818,"date":"2019-07-14T16:08:51","date_gmt":"2019-07-14T19:08:51","guid":{"rendered":"http:\/\/miraserra.org.br\/?page_id=818"},"modified":"2019-07-14T17:24:40","modified_gmt":"2019-07-14T20:24:40","slug":"estagios-em-projetos","status":"publish","type":"page","link":"https:\/\/miraserra.org.br\/index.php\/estagios-em-projetos\/","title":{"rendered":"Est\u00e1gios em Projetos"},"content":{"rendered":"\n<p>FAUNA &amp; FLORA: pesquisa qualitativa via trilhas e transectos, al\u00e9m  de estudo da ocorr\u00eancia de animais silvestres atropelados na \u00e1rea  de inser\u00e7\u00e3o da RPPN.<\/p>\n\n\n\n<ul class=\"wp-block-gallery columns-3 is-cropped wp-block-gallery-1 is-layout-flex wp-block-gallery-is-layout-flex\"><li class=\"blocks-gallery-item\"><figure><img loading=\"lazy\" decoding=\"async\" width=\"300\" height=\"221\" src=\"http:\/\/miraserra.org.br\/wp-content\/uploads\/2019\/07\/atropelado-300x221.jpg\" alt=\"\" data-id=\"820\" data-link=\"http:\/\/miraserra.org.br\/index.php\/estagios-em-projetos\/atropelado-300x221\/\" class=\"wp-image-820\"\/><\/figure><\/li><li class=\"blocks-gallery-item\"><figure><img loading=\"lazy\" decoding=\"async\" width=\"300\" height=\"221\" src=\"http:\/\/miraserra.org.br\/wp-content\/uploads\/2019\/07\/pegada-300x221.jpg\" alt=\"\" data-id=\"821\" data-link=\"http:\/\/miraserra.org.br\/index.php\/estagios-em-projetos\/pegada-300x221\/\" class=\"wp-image-821\"\/><\/figure><\/li><li class=\"blocks-gallery-item\"><figure><img loading=\"lazy\" decoding=\"async\" width=\"300\" height=\"221\" src=\"http:\/\/miraserra.org.br\/wp-content\/uploads\/2019\/07\/projeto-300x221.jpg\" alt=\"\" data-id=\"822\" data-link=\"http:\/\/miraserra.org.br\/index.php\/estagios-em-projetos\/projeto-300x221\/\" class=\"wp-image-822\"\/><\/figure><\/li><\/ul>\n\n\n\n<p>TRANSLOCA\u00c7\u00c3O DE ANIMAIS SILVESTRES: somente para animais  silvestres em condi\u00e7\u00f5es de retorno ao habitat e com anu\u00eancia do  \u00f3rg\u00e3o ambiental competente. Locais protegidos s\u00e3o avaliados<br> quanto \u00e0 ocorr\u00eancia da esp\u00e9cie em quest\u00e3o e possibilidade de  sobreviv\u00eancia sem impacto significativo do meio.<\/p>\n\n\n\n<ul class=\"wp-block-gallery columns-2 is-cropped wp-block-gallery-2 is-layout-flex wp-block-gallery-is-layout-flex\"><li class=\"blocks-gallery-item\"><figure><img loading=\"lazy\" decoding=\"async\" width=\"207\" height=\"300\" src=\"http:\/\/miraserra.org.br\/wp-content\/uploads\/2019\/07\/biolog-207x300.jpg\" alt=\"\" data-id=\"824\" data-link=\"http:\/\/miraserra.org.br\/index.php\/estagios-em-projetos\/biolog-207x300\/\" class=\"wp-image-824\"\/><\/figure><\/li><li class=\"blocks-gallery-item\"><figure><img loading=\"lazy\" decoding=\"async\" width=\"500\" height=\"367\" src=\"http:\/\/miraserra.org.br\/wp-content\/uploads\/2019\/07\/passaro.jpg\" alt=\"\" data-id=\"825\" data-link=\"http:\/\/miraserra.org.br\/index.php\/estagios-em-projetos\/passaro\/\" class=\"wp-image-825\" srcset=\"https:\/\/miraserra.org.br\/wp-content\/uploads\/2019\/07\/passaro.jpg 500w, https:\/\/miraserra.org.br\/wp-content\/uploads\/2019\/07\/passaro-300x220.jpg 300w\" sizes=\"auto, (max-width: 500px) 100vw, 500px\" \/><\/figure><\/li><\/ul>\n\n\n\n<p>MANANCIAIS H\u00cdDRICOS: mapeamento de cursos d\u00b4\u00e1gua e estudos  dos par\u00e2metros f\u00edsico-qu\u00edmicos de nascentes.<br> PLANOS MUNICIPAIS DE CONSERVA\u00c7\u00c3O E RECUPERA\u00c7\u00c3O DA MATA<br> ATL\u00c2NTICA \u2013 oportuniza a participa\u00e7\u00e3o na elabora\u00e7\u00e3o desta  importante ferramenta de gest\u00e3o p\u00fablica.<\/p>\n\n\n\n<figure class=\"wp-block-image\"><img loading=\"lazy\" decoding=\"async\" width=\"300\" height=\"225\" src=\"http:\/\/miraserra.org.br\/wp-content\/uploads\/2019\/07\/cai_corredor-300x225.jpg\" alt=\"\" class=\"wp-image-826\"\/><\/figure>\n\n\n\n<p>POL\u00cdTICAS P\u00daBLICAS \u2013 acompanhamento nos colegiados,  interagindo com os demais setores representativos.<\/p>\n\n\n\n<figure class=\"wp-block-image\"><img loading=\"lazy\" decoding=\"async\" width=\"300\" height=\"169\" src=\"http:\/\/miraserra.org.br\/wp-content\/uploads\/2019\/07\/13645257_1341390222541796_8699995510834081009_n-300x169.jpg\" alt=\"\" class=\"wp-image-827\"\/><\/figure>\n","protected":false},"excerpt":{"rendered":"<p>FAUNA &amp; FLORA: pesquisa qualitativa via trilhas e transectos, al\u00e9m de estudo da ocorr\u00eancia de animais silvestres atropelados na \u00e1rea<\/p>\n","protected":false},"author":1,"featured_media":0,"parent":0,"menu_order":0,"comment_status":"closed","ping_status":"closed","template":"","meta":{"colormag_page_container_layout":"default_layout","colormag_page_sidebar_layout":"default_layout","_themeisle_gutenberg_block_has_review":false,"footnotes":""},"class_list":["post-818","page","type-page","status-publish","hentry"],"_links":{"self":[{"href":"https:\/\/miraserra.org.br\/index.php\/wp-json\/wp\/v2\/pages\/818","targetHints":{"allow":["GET"]}}],"collection":[{"href":"https:\/\/miraserra.org.br\/index.php\/wp-json\/wp\/v2\/pages"}],"about":[{"href":"https:\/\/miraserra.org.br\/index.php\/wp-json\/wp\/v2\/types\/page"}],"author":[{"embeddable":true,"href":"https:\/\/miraserra.org.br\/index.php\/wp-json\/wp\/v2\/users\/1"}],"replies":[{"embeddable":true,"href":"https:\/\/miraserra.org.br\/index.php\/wp-json\/wp\/v2\/comments?post=818"}],"version-history":[{"count":2,"href":"https:\/\/miraserra.org.br\/index.php\/wp-json\/wp\/v2\/pages\/818\/revisions"}],"predecessor-version":[{"id":828,"href":"https:\/\/miraserra.org.br\/index.php\/wp-json\/wp\/v2\/pages\/818\/revisions\/828"}],"wp:attachment":[{"href":"https:\/\/miraserra.org.br\/index.php\/wp-json\/wp\/v2\/media?parent=818"}],"curies":[{"name":"wp","href":"https:\/\/api.w.org\/{rel}","templated":true}]}}